{"id":834,"date":"2025-04-02T09:00:56","date_gmt":"2025-04-02T06:00:56","guid":{"rendered":"https:\/\/glase.md\/epilarea-cu-laser-pentru-femei\/"},"modified":"2026-01-22T13:01:08","modified_gmt":"2026-01-22T10:01:08","slug":"epilarea-cu-laser-pentru-femei","status":"publish","type":"page","link":"https:\/\/glase.md\/ro\/epilarea-cu-laser-pentru-femei\/","title":{"rendered":"Epilarea cu laser pentru femei"},"content":{"rendered":"","protected":false},"excerpt":{"rendered":"","protected":false},"author":1,"featured_media":722,"parent":0,"menu_order":0,"comment_status":"closed","ping_status":"closed","template":"templates\/category-page.php","meta":{"inline_featured_image":false,"footnotes":""},"class_list":["post-834","page","type-page","status-publish","has-post-thumbnail","hentry"],"acf":[],"yoast_head":"<!-- This site is optimized with the Yoast SEO plugin v25.1 - https:\/\/yoast.com\/wordpress\/plugins\/seo\/ -->\n<title>Epilare cu laser pentru femei \u00een Chi\u0219in\u0103u | Salon Glase<\/title>\n<meta name=\"description\" content=\"Epilare nedureroas\u0103 pentru femei cu laser alexandrit DEKA \u00een Chi\u0219in\u0103u. Abordare individual\u0103 \u0219i rezultate reale dup\u0103 1 \u0219edin\u021b\u0103. de la 170 lei pe \u0219edin\u021b\u0103. \ud83d\udd25 -50% pentru o \u0219edin\u021b\u0103 laser \u00cencearc\u0103 acum!\" \/>\n<meta name=\"robots\" content=\"index, follow, max-snippet:-1, max-image-preview:large, max-video-preview:-1\" \/>\n<link rel=\"canonical\" href=\"https:\/\/glase.md\/ro\/epilarea-cu-laser-pentru-femei\/\" \/>\n<meta property=\"og:locale\" content=\"ro_RO\" \/>\n<meta property=\"og:type\" content=\"article\" \/>\n<meta property=\"og:title\" content=\"Epilare cu laser pentru femei \u00een Chi\u0219in\u0103u | Salon Glase\" \/>\n<meta property=\"og:description\" content=\"Epilare nedureroas\u0103 pentru femei cu laser alexandrit DEKA \u00een Chi\u0219in\u0103u. Abordare individual\u0103 \u0219i rezultate reale dup\u0103 1 \u0219edin\u021b\u0103. de la 170 lei pe \u0219edin\u021b\u0103. \ud83d\udd25 -50% pentru o \u0219edin\u021b\u0103 laser \u00cencearc\u0103 acum!\" \/>\n<meta property=\"og:url\" content=\"https:\/\/glase.md\/ro\/epilarea-cu-laser-pentru-femei\/\" \/>\n<meta property=\"og:site_name\" content=\"\u0421\u0430\u043b\u043e\u043d Glase\" \/>\n<meta property=\"article:modified_time\" content=\"2026-01-22T10:01:08+00:00\" \/>\n<meta property=\"og:image\" content=\"https:\/\/glase.md\/wp-content\/uploads\/2025\/03\/main.jpg\" \/>\n\t<meta property=\"og:image:width\" content=\"550\" \/>\n\t<meta property=\"og:image:height\" content=\"935\" \/>\n\t<meta property=\"og:image:type\" content=\"image\/jpeg\" \/>\n<meta name=\"twitter:card\" content=\"summary_large_image\" \/>\n<meta name=\"twitter:label1\" content=\"Timp estimat pentru citire\" \/>\n\t<meta name=\"twitter:data1\" content=\"1 minut\" \/>\n<script type=\"application\/ld+json\" class=\"yoast-schema-graph\">{\"@context\":\"https:\/\/schema.org\",\"@graph\":[{\"@type\":\"WebPage\",\"@id\":\"https:\/\/glase.md\/ro\/epilarea-cu-laser-pentru-femei\/\",\"url\":\"https:\/\/glase.md\/ro\/epilarea-cu-laser-pentru-femei\/\",\"name\":\"Epilare cu laser pentru femei \u00een Chi\u0219in\u0103u | Salon Glase\",\"isPartOf\":{\"@id\":\"https:\/\/glase.md\/ro\/#website\"},\"primaryImageOfPage\":{\"@id\":\"https:\/\/glase.md\/ro\/epilarea-cu-laser-pentru-femei\/#primaryimage\"},\"image\":{\"@id\":\"https:\/\/glase.md\/ro\/epilarea-cu-laser-pentru-femei\/#primaryimage\"},\"thumbnailUrl\":\"https:\/\/glase.md\/wp-content\/uploads\/2025\/03\/main.jpg\",\"datePublished\":\"2025-04-02T06:00:56+00:00\",\"dateModified\":\"2026-01-22T10:01:08+00:00\",\"description\":\"Epilare nedureroas\u0103 pentru femei cu laser alexandrit DEKA \u00een Chi\u0219in\u0103u. Abordare individual\u0103 \u0219i rezultate reale dup\u0103 1 \u0219edin\u021b\u0103. de la 170 lei pe \u0219edin\u021b\u0103. \ud83d\udd25 -50% pentru o \u0219edin\u021b\u0103 laser \u00cencearc\u0103 acum!\",\"breadcrumb\":{\"@id\":\"https:\/\/glase.md\/ro\/epilarea-cu-laser-pentru-femei\/#breadcrumb\"},\"inLanguage\":\"ro-RO\",\"potentialAction\":[{\"@type\":\"ReadAction\",\"target\":[\"https:\/\/glase.md\/ro\/epilarea-cu-laser-pentru-femei\/\"]}]},{\"@type\":\"ImageObject\",\"inLanguage\":\"ro-RO\",\"@id\":\"https:\/\/glase.md\/ro\/epilarea-cu-laser-pentru-femei\/#primaryimage\",\"url\":\"https:\/\/glase.md\/wp-content\/uploads\/2025\/03\/main.jpg\",\"contentUrl\":\"https:\/\/glase.md\/wp-content\/uploads\/2025\/03\/main.jpg\",\"width\":550,\"height\":935},{\"@type\":\"BreadcrumbList\",\"@id\":\"https:\/\/glase.md\/ro\/epilarea-cu-laser-pentru-femei\/#breadcrumb\",\"itemListElement\":[{\"@type\":\"ListItem\",\"position\":1,\"name\":\"Pagina principal\u0103\",\"item\":\"https:\/\/glase.md\/ro\/\"},{\"@type\":\"ListItem\",\"position\":2,\"name\":\"Epilarea cu laser pentru femei\"}]},{\"@type\":\"WebSite\",\"@id\":\"https:\/\/glase.md\/ro\/#website\",\"url\":\"https:\/\/glase.md\/ro\/\",\"name\":\"\u0421\u0430\u043b\u043e\u043d Glase\",\"description\":\"\",\"publisher\":{\"@id\":\"https:\/\/glase.md\/ro\/#organization\"},\"potentialAction\":[{\"@type\":\"SearchAction\",\"target\":{\"@type\":\"EntryPoint\",\"urlTemplate\":\"https:\/\/glase.md\/ro\/?s={search_term_string}\"},\"query-input\":{\"@type\":\"PropertyValueSpecification\",\"valueRequired\":true,\"valueName\":\"search_term_string\"}}],\"inLanguage\":\"ro-RO\"},{\"@type\":\"Organization\",\"@id\":\"https:\/\/glase.md\/ro\/#organization\",\"name\":\"\u0421\u0430\u043b\u043e\u043d Glase\",\"url\":\"https:\/\/glase.md\/ro\/\",\"logo\":{\"@type\":\"ImageObject\",\"inLanguage\":\"ro-RO\",\"@id\":\"https:\/\/glase.md\/ro\/#\/schema\/logo\/image\/\",\"url\":\"https:\/\/glase.md\/wp-content\/uploads\/2025\/04\/Glase-logo.svg\",\"contentUrl\":\"https:\/\/glase.md\/wp-content\/uploads\/2025\/04\/Glase-logo.svg\",\"caption\":\"\u0421\u0430\u043b\u043e\u043d Glase\"},\"image\":{\"@id\":\"https:\/\/glase.md\/ro\/#\/schema\/logo\/image\/\"}}]}<\/script>\n<!-- \/ Yoast SEO plugin. -->","yoast_head_json":{"title":"Epilare cu laser pentru femei \u00een Chi\u0219in\u0103u | Salon Glase","description":"Epilare nedureroas\u0103 pentru femei cu laser alexandrit DEKA \u00een Chi\u0219in\u0103u. Abordare individual\u0103 \u0219i rezultate reale dup\u0103 1 \u0219edin\u021b\u0103. de la 170 lei pe \u0219edin\u021b\u0103. \ud83d\udd25 -50% pentru o \u0219edin\u021b\u0103 laser \u00cencearc\u0103 acum!","robots":{"index":"index","follow":"follow","max-snippet":"max-snippet:-1","max-image-preview":"max-image-preview:large","max-video-preview":"max-video-preview:-1"},"canonical":"https:\/\/glase.md\/ro\/epilarea-cu-laser-pentru-femei\/","og_locale":"ro_RO","og_type":"article","og_title":"Epilare cu laser pentru femei \u00een Chi\u0219in\u0103u | Salon Glase","og_description":"Epilare nedureroas\u0103 pentru femei cu laser alexandrit DEKA \u00een Chi\u0219in\u0103u. Abordare individual\u0103 \u0219i rezultate reale dup\u0103 1 \u0219edin\u021b\u0103. de la 170 lei pe \u0219edin\u021b\u0103. \ud83d\udd25 -50% pentru o \u0219edin\u021b\u0103 laser \u00cencearc\u0103 acum!","og_url":"https:\/\/glase.md\/ro\/epilarea-cu-laser-pentru-femei\/","og_site_name":"\u0421\u0430\u043b\u043e\u043d Glase","article_modified_time":"2026-01-22T10:01:08+00:00","og_image":[{"width":550,"height":935,"url":"https:\/\/glase.md\/wp-content\/uploads\/2025\/03\/main.jpg","type":"image\/jpeg"}],"twitter_card":"summary_large_image","twitter_misc":{"Timp estimat pentru citire":"1 minut"},"schema":{"@context":"https:\/\/schema.org","@graph":[{"@type":"WebPage","@id":"https:\/\/glase.md\/ro\/epilarea-cu-laser-pentru-femei\/","url":"https:\/\/glase.md\/ro\/epilarea-cu-laser-pentru-femei\/","name":"Epilare cu laser pentru femei \u00een Chi\u0219in\u0103u | Salon Glase","isPartOf":{"@id":"https:\/\/glase.md\/ro\/#website"},"primaryImageOfPage":{"@id":"https:\/\/glase.md\/ro\/epilarea-cu-laser-pentru-femei\/#primaryimage"},"image":{"@id":"https:\/\/glase.md\/ro\/epilarea-cu-laser-pentru-femei\/#primaryimage"},"thumbnailUrl":"https:\/\/glase.md\/wp-content\/uploads\/2025\/03\/main.jpg","datePublished":"2025-04-02T06:00:56+00:00","dateModified":"2026-01-22T10:01:08+00:00","description":"Epilare nedureroas\u0103 pentru femei cu laser alexandrit DEKA \u00een Chi\u0219in\u0103u. Abordare individual\u0103 \u0219i rezultate reale dup\u0103 1 \u0219edin\u021b\u0103. de la 170 lei pe \u0219edin\u021b\u0103. \ud83d\udd25 -50% pentru o \u0219edin\u021b\u0103 laser \u00cencearc\u0103 acum!","breadcrumb":{"@id":"https:\/\/glase.md\/ro\/epilarea-cu-laser-pentru-femei\/#breadcrumb"},"inLanguage":"ro-RO","potentialAction":[{"@type":"ReadAction","target":["https:\/\/glase.md\/ro\/epilarea-cu-laser-pentru-femei\/"]}]},{"@type":"ImageObject","inLanguage":"ro-RO","@id":"https:\/\/glase.md\/ro\/epilarea-cu-laser-pentru-femei\/#primaryimage","url":"https:\/\/glase.md\/wp-content\/uploads\/2025\/03\/main.jpg","contentUrl":"https:\/\/glase.md\/wp-content\/uploads\/2025\/03\/main.jpg","width":550,"height":935},{"@type":"BreadcrumbList","@id":"https:\/\/glase.md\/ro\/epilarea-cu-laser-pentru-femei\/#breadcrumb","itemListElement":[{"@type":"ListItem","position":1,"name":"Pagina principal\u0103","item":"https:\/\/glase.md\/ro\/"},{"@type":"ListItem","position":2,"name":"Epilarea cu laser pentru femei"}]},{"@type":"WebSite","@id":"https:\/\/glase.md\/ro\/#website","url":"https:\/\/glase.md\/ro\/","name":"\u0421\u0430\u043b\u043e\u043d Glase","description":"","publisher":{"@id":"https:\/\/glase.md\/ro\/#organization"},"potentialAction":[{"@type":"SearchAction","target":{"@type":"EntryPoint","urlTemplate":"https:\/\/glase.md\/ro\/?s={search_term_string}"},"query-input":{"@type":"PropertyValueSpecification","valueRequired":true,"valueName":"search_term_string"}}],"inLanguage":"ro-RO"},{"@type":"Organization","@id":"https:\/\/glase.md\/ro\/#organization","name":"\u0421\u0430\u043b\u043e\u043d Glase","url":"https:\/\/glase.md\/ro\/","logo":{"@type":"ImageObject","inLanguage":"ro-RO","@id":"https:\/\/glase.md\/ro\/#\/schema\/logo\/image\/","url":"https:\/\/glase.md\/wp-content\/uploads\/2025\/04\/Glase-logo.svg","contentUrl":"https:\/\/glase.md\/wp-content\/uploads\/2025\/04\/Glase-logo.svg","caption":"\u0421\u0430\u043b\u043e\u043d Glase"},"image":{"@id":"https:\/\/glase.md\/ro\/#\/schema\/logo\/image\/"}}]}},"_links":{"self":[{"href":"https:\/\/glase.md\/ro\/wp-json\/wp\/v2\/pages\/834","targetHints":{"allow":["GET"]}}],"collection":[{"href":"https:\/\/glase.md\/ro\/wp-json\/wp\/v2\/pages"}],"about":[{"href":"https:\/\/glase.md\/ro\/wp-json\/wp\/v2\/types\/page"}],"author":[{"embeddable":true,"href":"https:\/\/glase.md\/ro\/wp-json\/wp\/v2\/users\/1"}],"replies":[{"embeddable":true,"href":"https:\/\/glase.md\/ro\/wp-json\/wp\/v2\/comments?post=834"}],"version-history":[{"count":12,"href":"https:\/\/glase.md\/ro\/wp-json\/wp\/v2\/pages\/834\/revisions"}],"predecessor-version":[{"id":1014,"href":"https:\/\/glase.md\/ro\/wp-json\/wp\/v2\/pages\/834\/revisions\/1014"}],"wp:featuredmedia":[{"embeddable":true,"href":"https:\/\/glase.md\/ro\/wp-json\/wp\/v2\/media\/722"}],"wp:attachment":[{"href":"https:\/\/glase.md\/ro\/wp-json\/wp\/v2\/media?parent=834"}],"curies":[{"name":"wp","href":"https:\/\/api.w.org\/{rel}","templated":true}]}}